{"id":6933,"date":"2021-01-01T00:00:00","date_gmt":"2020-12-31T23:00:00","guid":{"rendered":"https:\/\/www.aserpasl.com\/Candeledapadel\/?page_id=6933"},"modified":"2021-01-04T20:27:52","modified_gmt":"2021-01-04T19:27:52","slug":"inscripcion-en-el-ranking-de-retos-por-parejas","status":"publish","type":"page","link":"https:\/\/www.aserpasl.com\/Candeledapadel\/inscripcion-en-el-ranking-de-retos-por-parejas\/","title":{"rendered":"Inscripci\u00f3n en los Rankings por Parejas"},"content":{"rendered":"<p><span style=\"color: #808000;\"><strong>INSCRIPCION EN LOS RANKINGS POR PAREJAS:<\/strong><\/span><\/p>\n<p>Los que os quer\u00e1is apuntar lo pod\u00e9is hacer en cualquier momento del a\u00f1o natural. S\u00f3lo se os pide ganas de jugar y pasarlo bien, y que os compromet\u00e1is a jugar un m\u00ednimo de 1 partido cada 3 meses.<\/p>\n<p>El premio de esta competici\u00f3n es la participaci\u00f3n en un <strong>Master de Rankigs<\/strong> que tendr\u00e1 sus correspondientes premios<b>.<\/b><\/p>\n<p>Los datos que necesitamos, de los dos jugadores, para inscribiros mediante el <strong><a href=\"https:\/\/www.aserpasl.com\/Candeledapadel\/?page_id=6926\" target=\"_blank\" rel=\"noopener noreferrer\">FORMULARIO DE INSCRIPCION<\/a>\u00a0<\/strong>son:<\/p>\n<ul>\n<li>NIF:<\/li>\n<li>Nombre:<\/li>\n<li>1\u00ba Apellido:<\/li>\n<li>2\u00ba Apellido:<\/li>\n<li>Fecha nacimiento:<\/li>\n<li>G\u00e9nero:<\/li>\n<li>Foto rostro:<\/li>\n<li>Tel\u00e9fono de contacto:<\/li>\n<li>Correo electr\u00f3nico:<\/li>\n<li>Municipio de vivienda:<\/li>\n<li>Talla de camiseta:<\/li>\n<li>Justificante de Pago<\/li>\n<li>Aceptaci\u00f3n condiciones uso<\/li>\n<\/ul>\n<p>De todos estos datos s\u00f3lo se har\u00e1n p\u00fablicos el nombre y los apellidos (para las clasificaciones del Ranking y para la publicaci\u00f3n de los partidos). Los tel\u00e9fonos y\/o los correos electr\u00f3nicos s\u00f3lo se dar\u00e1n a los participantes para el normal funcionamiento de la competici\u00f3n.<\/p>\n<p>Los pasos a seguir para inscribirse son:<\/p>\n<ul>\n<li style=\"list-style-type: none;\">\n<ul>\n<li>Pago de la cuota de 2020: <strong>20,00\u20ac \/pareja\/ranking<\/strong> <strong>(*)<\/strong>\n<ul>\n<li>En la cuenta de Bankia:\n<ul>\n<li>\u00a0IBAN:\u00a0<strong>ES74 2038-7726-72-6000005228<\/strong><\/li>\n<li>Titular: Aserpa S.L.,<\/li>\n<li>Indicando en el asunto \u201cRanking\u201d y el nombre del ranking y de los jugadores.<\/li>\n<\/ul>\n<\/li>\n<\/ul>\n<\/li>\n<li>Rellenar el <strong><a href=\"https:\/\/www.aserpasl.com\/Candeledapadel\/?page_id=6926\" target=\"_blank\" rel=\"noopener noreferrer\">FORMULARIO DE INSCRIPCION<\/a><\/strong><\/li>\n<li>Si eres MENOR (menos de 18 a\u00f1os),\u00a0 tienes que aportarnos esta <strong><a href=\"https:\/\/www.aserpasl.com\/Candeledapadel\/LOPD\/Autorizacion_Participacion_Menores.pdf\" target=\"_blank\" rel=\"noopener noreferrer\">AUTORIZACION<\/a><\/strong> debidamente cumplimentada y firmada, y una <strong>COPIA DEL DNI<\/strong> de la persona que la firma.<\/li>\n<\/ul>\n<\/li>\n<\/ul>\n<p><strong>La inscrpci\u00f3n implica la aceptaci\u00f3n del <a href=\"http:\/\/www.aserpasl.com\/Candeledapadel\/normaspadel\/ASERPADEL%20Reglamento%20Retos.pdf\" target=\"_blank\" rel=\"noopener noreferrer\">Reglamento de los Rankings por parejas<\/a><\/strong><\/p>\n<p>Si ten\u00e9is alguna duda no dej\u00e9is de consultarnos.<\/p>\n<p><strong>(*)<\/strong>\u00a0 Todas aquellas parejas que se consideren nuevo participante deber\u00e1n de abonar la cuota completa correspondiente al a\u00f1o en curso salvo en los siguientes casos:<\/p>\n<ul>\n<li><u>Por cambio de pareja sin interrumpir su competici\u00f3n:<\/u>\n<ul>\n<li><em>Uno de los integrantes es un nuevo participante:<\/em> S\u00f3lo se abonar\u00e1 el 50% de lo que corresponder\u00eda. De este modo s\u00f3lo paga el jugador que se incorpora.<\/li>\n<li>Los dos integrantes ya figuraban inscritos con otras parejas: No<br \/>\ntienen que abonar cantidad alguna.<\/li>\n<\/ul>\n<\/li>\n<\/ul>\n","protected":false},"excerpt":{"rendered":"<p>INSCRIPCION EN LOS RANKINGS POR PAREJAS: Los que os quer\u00e1is apuntar lo pod\u00e9is hacer en cualquier momento del a\u00f1o natural.<\/p>\n","protected":false},"author":2,"featured_media":0,"parent":0,"menu_order":2,"comment_status":"closed","ping_status":"closed","template":"","meta":{"colormag_page_container_layout":"default_layout","colormag_page_sidebar_layout":"default_layout","footnotes":""},"class_list":["post-6933","page","type-page","status-publish","hentry"],"yoast_head":"<!-- This site is optimized with the Yoast SEO plugin v27.4 - https:\/\/yoast.com\/product\/yoast-seo-wordpress\/ -->\n<title>Inscripci\u00f3n en los Rankings por Parejas - Aserp\u00e1del<\/title>\n<meta name=\"robots\" content=\"index, follow, max-snippet:-1, max-image-preview:large, max-video-preview:-1\" \/>\n<link rel=\"canonical\" href=\"https:\/\/www.aserpasl.com\/Candeledapadel\/inscripciones__trashed\/inscripcion-en-el-ranking-de-retos-por-parejas\/\" \/>\n<meta property=\"og:locale\" content=\"es_ES\" \/>\n<meta property=\"og:type\" content=\"article\" \/>\n<meta property=\"og:title\" content=\"Inscripci\u00f3n en los Rankings por Parejas - Aserp\u00e1del\" \/>\n<meta property=\"og:description\" content=\"INSCRIPCION EN LOS RANKINGS POR PAREJAS: Los que os quer\u00e1is apuntar lo pod\u00e9is hacer en cualquier momento del a\u00f1o natural.\" \/>\n<meta property=\"og:url\" content=\"https:\/\/www.aserpasl.com\/Candeledapadel\/inscripciones__trashed\/inscripcion-en-el-ranking-de-retos-por-parejas\/\" \/>\n<meta property=\"og:site_name\" content=\"Aserp\u00e1del\" \/>\n<meta property=\"article:publisher\" content=\"https:\/\/www.facebook.com\/profile.php?id=100037538779469\" \/>\n<meta property=\"article:modified_time\" content=\"2021-01-04T19:27:52+00:00\" \/>\n<meta property=\"og:image\" content=\"https:\/\/www.aserpasl.com\/Candeledapadel\/wp-content\/uploads\/2021\/01\/cropped-logo_aserpadel_1200x1200.jpg\" \/>\n\t<meta property=\"og:image:width\" content=\"512\" \/>\n\t<meta property=\"og:image:height\" content=\"512\" \/>\n\t<meta property=\"og:image:type\" content=\"image\/jpeg\" \/>\n<meta name=\"twitter:card\" content=\"summary_large_image\" \/>\n<meta name=\"twitter:site\" content=\"@Aserpadel\" \/>\n<meta name=\"twitter:label1\" content=\"Tiempo de lectura\" \/>\n\t<meta name=\"twitter:data1\" content=\"2 minutos\" \/>\n<script type=\"application\/ld+json\" class=\"yoast-schema-graph\">{\"@context\":\"https:\\\/\\\/schema.org\",\"@graph\":[{\"@type\":\"WebPage\",\"@id\":\"https:\\\/\\\/www.aserpasl.com\\\/Candeledapadel\\\/inscripciones__trashed\\\/inscripcion-en-el-ranking-de-retos-por-parejas\\\/\",\"url\":\"https:\\\/\\\/www.aserpasl.com\\\/Candeledapadel\\\/inscripciones__trashed\\\/inscripcion-en-el-ranking-de-retos-por-parejas\\\/\",\"name\":\"Inscripci\u00f3n en los Rankings por Parejas - Aserp\u00e1del\",\"isPartOf\":{\"@id\":\"https:\\\/\\\/www.aserpasl.com\\\/Candeledapadel\\\/#website\"},\"datePublished\":\"2020-12-31T23:00:00+00:00\",\"dateModified\":\"2021-01-04T19:27:52+00:00\",\"breadcrumb\":{\"@id\":\"https:\\\/\\\/www.aserpasl.com\\\/Candeledapadel\\\/inscripciones__trashed\\\/inscripcion-en-el-ranking-de-retos-por-parejas\\\/#breadcrumb\"},\"inLanguage\":\"es\",\"potentialAction\":[{\"@type\":\"ReadAction\",\"target\":[\"https:\\\/\\\/www.aserpasl.com\\\/Candeledapadel\\\/inscripciones__trashed\\\/inscripcion-en-el-ranking-de-retos-por-parejas\\\/\"]}]},{\"@type\":\"BreadcrumbList\",\"@id\":\"https:\\\/\\\/www.aserpasl.com\\\/Candeledapadel\\\/inscripciones__trashed\\\/inscripcion-en-el-ranking-de-retos-por-parejas\\\/#breadcrumb\",\"itemListElement\":[{\"@type\":\"ListItem\",\"position\":1,\"name\":\"Portada\",\"item\":\"https:\\\/\\\/www.aserpasl.com\\\/Candeledapadel\\\/\"},{\"@type\":\"ListItem\",\"position\":2,\"name\":\"Inscripci\u00f3n en los Rankings por Parejas\"}]},{\"@type\":\"WebSite\",\"@id\":\"https:\\\/\\\/www.aserpasl.com\\\/Candeledapadel\\\/#website\",\"url\":\"https:\\\/\\\/www.aserpasl.com\\\/Candeledapadel\\\/\",\"name\":\"P\u00e1del en Candeleda\",\"description\":\"Clases, liguillas, campeonatos... Toda la informaci\u00f3n , y servicios, sobre el p\u00e1del en Candeleda y alrededores (Bajo Tie\u00e9tar y La Vera)\",\"publisher\":{\"@id\":\"https:\\\/\\\/www.aserpasl.com\\\/Candeledapadel\\\/#organization\"},\"alternateName\":\"Aserp\u00e1del\",\"potentialAction\":[{\"@type\":\"SearchAction\",\"target\":{\"@type\":\"EntryPoint\",\"urlTemplate\":\"https:\\\/\\\/www.aserpasl.com\\\/Candeledapadel\\\/?s={search_term_string}\"},\"query-input\":{\"@type\":\"PropertyValueSpecification\",\"valueRequired\":true,\"valueName\":\"search_term_string\"}}],\"inLanguage\":\"es\"},{\"@type\":\"Organization\",\"@id\":\"https:\\\/\\\/www.aserpasl.com\\\/Candeledapadel\\\/#organization\",\"name\":\"ASERPADEL\",\"url\":\"https:\\\/\\\/www.aserpasl.com\\\/Candeledapadel\\\/\",\"logo\":{\"@type\":\"ImageObject\",\"inLanguage\":\"es\",\"@id\":\"https:\\\/\\\/www.aserpasl.com\\\/Candeledapadel\\\/#\\\/schema\\\/logo\\\/image\\\/\",\"url\":\"https:\\\/\\\/www.aserpasl.com\\\/Candeledapadel\\\/wp-content\\\/uploads\\\/2016\\\/08\\\/header.jpg\",\"contentUrl\":\"https:\\\/\\\/www.aserpasl.com\\\/Candeledapadel\\\/wp-content\\\/uploads\\\/2016\\\/08\\\/header.jpg\",\"width\":500,\"height\":175,\"caption\":\"ASERPADEL\"},\"image\":{\"@id\":\"https:\\\/\\\/www.aserpasl.com\\\/Candeledapadel\\\/#\\\/schema\\\/logo\\\/image\\\/\"},\"sameAs\":[\"https:\\\/\\\/www.facebook.com\\\/profile.php?id=100037538779469\",\"https:\\\/\\\/x.com\\\/Aserpadel\",\"https:\\\/\\\/www.instagram.com\\\/aserpadel\\\/\"]}]}<\/script>\n<!-- \/ Yoast SEO plugin. -->","yoast_head_json":{"title":"Inscripci\u00f3n en los Rankings por Parejas - Aserp\u00e1del","robots":{"index":"index","follow":"follow","max-snippet":"max-snippet:-1","max-image-preview":"max-image-preview:large","max-video-preview":"max-video-preview:-1"},"canonical":"https:\/\/www.aserpasl.com\/Candeledapadel\/inscripciones__trashed\/inscripcion-en-el-ranking-de-retos-por-parejas\/","og_locale":"es_ES","og_type":"article","og_title":"Inscripci\u00f3n en los Rankings por Parejas - Aserp\u00e1del","og_description":"INSCRIPCION EN LOS RANKINGS POR PAREJAS: Los que os quer\u00e1is apuntar lo pod\u00e9is hacer en cualquier momento del a\u00f1o natural.","og_url":"https:\/\/www.aserpasl.com\/Candeledapadel\/inscripciones__trashed\/inscripcion-en-el-ranking-de-retos-por-parejas\/","og_site_name":"Aserp\u00e1del","article_publisher":"https:\/\/www.facebook.com\/profile.php?id=100037538779469","article_modified_time":"2021-01-04T19:27:52+00:00","og_image":[{"width":512,"height":512,"url":"https:\/\/www.aserpasl.com\/Candeledapadel\/wp-content\/uploads\/2021\/01\/cropped-logo_aserpadel_1200x1200.jpg","type":"image\/jpeg"}],"twitter_card":"summary_large_image","twitter_site":"@Aserpadel","twitter_misc":{"Tiempo de lectura":"2 minutos"},"schema":{"@context":"https:\/\/schema.org","@graph":[{"@type":"WebPage","@id":"https:\/\/www.aserpasl.com\/Candeledapadel\/inscripciones__trashed\/inscripcion-en-el-ranking-de-retos-por-parejas\/","url":"https:\/\/www.aserpasl.com\/Candeledapadel\/inscripciones__trashed\/inscripcion-en-el-ranking-de-retos-por-parejas\/","name":"Inscripci\u00f3n en los Rankings por Parejas - Aserp\u00e1del","isPartOf":{"@id":"https:\/\/www.aserpasl.com\/Candeledapadel\/#website"},"datePublished":"2020-12-31T23:00:00+00:00","dateModified":"2021-01-04T19:27:52+00:00","breadcrumb":{"@id":"https:\/\/www.aserpasl.com\/Candeledapadel\/inscripciones__trashed\/inscripcion-en-el-ranking-de-retos-por-parejas\/#breadcrumb"},"inLanguage":"es","potentialAction":[{"@type":"ReadAction","target":["https:\/\/www.aserpasl.com\/Candeledapadel\/inscripciones__trashed\/inscripcion-en-el-ranking-de-retos-por-parejas\/"]}]},{"@type":"BreadcrumbList","@id":"https:\/\/www.aserpasl.com\/Candeledapadel\/inscripciones__trashed\/inscripcion-en-el-ranking-de-retos-por-parejas\/#breadcrumb","itemListElement":[{"@type":"ListItem","position":1,"name":"Portada","item":"https:\/\/www.aserpasl.com\/Candeledapadel\/"},{"@type":"ListItem","position":2,"name":"Inscripci\u00f3n en los Rankings por Parejas"}]},{"@type":"WebSite","@id":"https:\/\/www.aserpasl.com\/Candeledapadel\/#website","url":"https:\/\/www.aserpasl.com\/Candeledapadel\/","name":"P\u00e1del en Candeleda","description":"Clases, liguillas, campeonatos... Toda la informaci\u00f3n , y servicios, sobre el p\u00e1del en Candeleda y alrededores (Bajo Tie\u00e9tar y La Vera)","publisher":{"@id":"https:\/\/www.aserpasl.com\/Candeledapadel\/#organization"},"alternateName":"Aserp\u00e1del","potentialAction":[{"@type":"SearchAction","target":{"@type":"EntryPoint","urlTemplate":"https:\/\/www.aserpasl.com\/Candeledapadel\/?s={search_term_string}"},"query-input":{"@type":"PropertyValueSpecification","valueRequired":true,"valueName":"search_term_string"}}],"inLanguage":"es"},{"@type":"Organization","@id":"https:\/\/www.aserpasl.com\/Candeledapadel\/#organization","name":"ASERPADEL","url":"https:\/\/www.aserpasl.com\/Candeledapadel\/","logo":{"@type":"ImageObject","inLanguage":"es","@id":"https:\/\/www.aserpasl.com\/Candeledapadel\/#\/schema\/logo\/image\/","url":"https:\/\/www.aserpasl.com\/Candeledapadel\/wp-content\/uploads\/2016\/08\/header.jpg","contentUrl":"https:\/\/www.aserpasl.com\/Candeledapadel\/wp-content\/uploads\/2016\/08\/header.jpg","width":500,"height":175,"caption":"ASERPADEL"},"image":{"@id":"https:\/\/www.aserpasl.com\/Candeledapadel\/#\/schema\/logo\/image\/"},"sameAs":["https:\/\/www.facebook.com\/profile.php?id=100037538779469","https:\/\/x.com\/Aserpadel","https:\/\/www.instagram.com\/aserpadel\/"]}]}},"_links":{"self":[{"href":"https:\/\/www.aserpasl.com\/Candeledapadel\/wp-json\/wp\/v2\/pages\/6933","targetHints":{"allow":["GET"]}}],"collection":[{"href":"https:\/\/www.aserpasl.com\/Candeledapadel\/wp-json\/wp\/v2\/pages"}],"about":[{"href":"https:\/\/www.aserpasl.com\/Candeledapadel\/wp-json\/wp\/v2\/types\/page"}],"author":[{"embeddable":true,"href":"https:\/\/www.aserpasl.com\/Candeledapadel\/wp-json\/wp\/v2\/users\/2"}],"replies":[{"embeddable":true,"href":"https:\/\/www.aserpasl.com\/Candeledapadel\/wp-json\/wp\/v2\/comments?post=6933"}],"version-history":[{"count":8,"href":"https:\/\/www.aserpasl.com\/Candeledapadel\/wp-json\/wp\/v2\/pages\/6933\/revisions"}],"predecessor-version":[{"id":10226,"href":"https:\/\/www.aserpasl.com\/Candeledapadel\/wp-json\/wp\/v2\/pages\/6933\/revisions\/10226"}],"wp:attachment":[{"href":"https:\/\/www.aserpasl.com\/Candeledapadel\/wp-json\/wp\/v2\/media?parent=6933"}],"curies":[{"name":"wp","href":"https:\/\/api.w.org\/{rel}","templated":true}]}}