{"id":22,"date":"2013-07-26T21:27:43","date_gmt":"2013-07-26T21:27:43","guid":{"rendered":"http:\/\/themes.kadencethemes.com\/virtue\/?page_id=22"},"modified":"2020-06-07T20:19:45","modified_gmt":"2020-06-07T18:19:45","slug":"home","status":"publish","type":"page","link":"https:\/\/www.aserpasl.com\/gestoria\/","title":{"rendered":"Home"},"content":{"rendered":"\n<p>ASERPA es una Gestora Inmobiliaria, que pretende dar un servicio integral a todo aqu\u00e9l que quiera tener una vivienda o negocio por esta zona, as\u00ed como facilitar cualquier tr\u00e1mites administrativo, para que sus clientes no tengan que ocuparse de esos detalles que tanto tiempo requieren y que se puedan centrar exclusivamente en dar forma a sus deseos.<\/p>\n\n\n\n<p>De una manera muy resumida los servicios que se ofrecen son:<\/p>\n\n\n\n<ul class=\"wp-block-list\"><li>Intermediaci\u00f3n y\/o asesoramiento: Tanto en la compraventa de fincas como en la organizaci\u00f3n de los diferentes elementos constructivos en la misma.<\/li><li>Obtenci\u00f3n de permisos y licencias, obtenci\u00f3n de presupuestos, dotaci\u00f3n de infraestructuras en las fincas y seguimiento de las obras.<\/li><li>Todo tipo de actuaciones y negociaciones con Ayuntamiento, Catastro, Notar\u00eda, Registro y propietarios de fincas colindantes.<\/li><\/ul>\n\n\n\n<p><br>Nuestro \u00e1mbito de actuaci\u00f3n son las comarcas de El Bajo Ti\u00e9tar (Avila), sobre todo los municipios de Candeleda, Poyales del Hoyo, Guisando y Arenas de San Pedro; y La Vera (C\u00e1ceres) de la que destacamos los municipios de Madrigal de La Vera, Villanueva de La Vera y Valverde de La Vera.<\/p>\n","protected":false},"excerpt":{"rendered":"<p>ASERPA es una Gestora Inmobiliaria, que pretende dar un servicio integral a todo aqu\u00e9l que quiera tener una vivienda o negocio por esta zona, as\u00ed como facilitar cualquier tr\u00e1mites administrativo, para que sus clientes no tengan que ocuparse de esos &hellip; <a href=\"https:\/\/www.aserpasl.com\/gestoria\/\">Continuar<\/a><\/p>\n","protected":false},"author":2,"featured_media":0,"parent":0,"menu_order":0,"comment_status":"open","ping_status":"open","template":"","meta":{"kt_blocks_editor_width":"","footnotes":""},"class_list":["post-22","page","type-page","status-publish","hentry"],"yoast_head":"<!-- This site is optimized with the Yoast SEO plugin v27.1.1 - https:\/\/yoast.com\/product\/yoast-seo-wordpress\/ -->\n<title>Home - Aserpa S.L.U.<\/title>\n<meta name=\"robots\" content=\"index, follow, max-snippet:-1, max-image-preview:large, max-video-preview:-1\" \/>\n<link rel=\"canonical\" href=\"https:\/\/www.aserpasl.com\/gestoria\/\" \/>\n<meta property=\"og:locale\" content=\"es_ES\" \/>\n<meta property=\"og:type\" content=\"article\" \/>\n<meta property=\"og:title\" content=\"Home - Aserpa S.L.U.\" \/>\n<meta property=\"og:description\" content=\"ASERPA es una Gestora Inmobiliaria, que pretende dar un servicio integral a todo aqu\u00e9l que quiera tener una vivienda o negocio por esta zona, as\u00ed como facilitar cualquier tr\u00e1mites administrativo, para que sus clientes no tengan que ocuparse de esos &hellip; Continuar\" \/>\n<meta property=\"og:url\" content=\"https:\/\/www.aserpasl.com\/gestoria\/\" \/>\n<meta property=\"og:site_name\" content=\"Aserpa S.L.U.\" \/>\n<meta property=\"article:modified_time\" content=\"2020-06-07T18:19:45+00:00\" \/>\n<meta name=\"twitter:card\" content=\"summary_large_image\" \/>\n<meta name=\"twitter:label1\" content=\"Tiempo de lectura\" \/>\n\t<meta name=\"twitter:data1\" content=\"1 minuto\" \/>\n<script type=\"application\/ld+json\" class=\"yoast-schema-graph\">{\"@context\":\"https:\/\/schema.org\",\"@graph\":[{\"@type\":\"WebPage\",\"@id\":\"https:\/\/www.aserpasl.com\/gestoria\/\",\"url\":\"https:\/\/www.aserpasl.com\/gestoria\/\",\"name\":\"Home - Aserpa S.L.U.\",\"isPartOf\":{\"@id\":\"https:\/\/www.aserpasl.com\/gestoria\/#website\"},\"datePublished\":\"2013-07-26T21:27:43+00:00\",\"dateModified\":\"2020-06-07T18:19:45+00:00\",\"breadcrumb\":{\"@id\":\"https:\/\/www.aserpasl.com\/gestoria\/#breadcrumb\"},\"inLanguage\":\"es\",\"potentialAction\":[{\"@type\":\"ReadAction\",\"target\":[\"https:\/\/www.aserpasl.com\/gestoria\/\"]}]},{\"@type\":\"BreadcrumbList\",\"@id\":\"https:\/\/www.aserpasl.com\/gestoria\/#breadcrumb\",\"itemListElement\":[{\"@type\":\"ListItem\",\"position\":1,\"name\":\"Portada\",\"item\":\"https:\/\/www.aserpasl.com\/gestoria\/\"},{\"@type\":\"ListItem\",\"position\":2,\"name\":\"Home\"}]},{\"@type\":\"WebSite\",\"@id\":\"https:\/\/www.aserpasl.com\/gestoria\/#website\",\"url\":\"https:\/\/www.aserpasl.com\/gestoria\/\",\"name\":\"Aserpa S.L.U.\",\"description\":\"Gestiones Inmobiliarias Integrales en Bajo Ti\u00e9tar (Avila) y La Vera (C\u00e1ceres). Principales poblaciones: Candeleda, Arenas de San Pedro, Madrigal de La Vera, Villanueva de La Vera ...\",\"publisher\":{\"@id\":\"https:\/\/www.aserpasl.com\/gestoria\/#organization\"},\"potentialAction\":[{\"@type\":\"SearchAction\",\"target\":{\"@type\":\"EntryPoint\",\"urlTemplate\":\"https:\/\/www.aserpasl.com\/gestoria\/?s={search_term_string}\"},\"query-input\":{\"@type\":\"PropertyValueSpecification\",\"valueRequired\":true,\"valueName\":\"search_term_string\"}}],\"inLanguage\":\"es\"},{\"@type\":\"Organization\",\"@id\":\"https:\/\/www.aserpasl.com\/gestoria\/#organization\",\"name\":\"Asesoramiento, Servicios y Papeleos S.L.U.\",\"url\":\"https:\/\/www.aserpasl.com\/gestoria\/\",\"logo\":{\"@type\":\"ImageObject\",\"inLanguage\":\"es\",\"@id\":\"https:\/\/www.aserpasl.com\/gestoria\/#\/schema\/logo\/image\/\",\"url\":\"https:\/\/www.aserpasl.com\/gestoria\/wp-content\/uploads\/2020\/06\/logo_aserpa_800X300.png\",\"contentUrl\":\"https:\/\/www.aserpasl.com\/gestoria\/wp-content\/uploads\/2020\/06\/logo_aserpa_800X300.png\",\"width\":800,\"height\":300,\"caption\":\"Asesoramiento, Servicios y Papeleos S.L.U.\"},\"image\":{\"@id\":\"https:\/\/www.aserpasl.com\/gestoria\/#\/schema\/logo\/image\/\"}}]}<\/script>\n<!-- \/ Yoast SEO plugin. -->","yoast_head_json":{"title":"Home - Aserpa S.L.U.","robots":{"index":"index","follow":"follow","max-snippet":"max-snippet:-1","max-image-preview":"max-image-preview:large","max-video-preview":"max-video-preview:-1"},"canonical":"https:\/\/www.aserpasl.com\/gestoria\/","og_locale":"es_ES","og_type":"article","og_title":"Home - Aserpa S.L.U.","og_description":"ASERPA es una Gestora Inmobiliaria, que pretende dar un servicio integral a todo aqu\u00e9l que quiera tener una vivienda o negocio por esta zona, as\u00ed como facilitar cualquier tr\u00e1mites administrativo, para que sus clientes no tengan que ocuparse de esos &hellip; Continuar","og_url":"https:\/\/www.aserpasl.com\/gestoria\/","og_site_name":"Aserpa S.L.U.","article_modified_time":"2020-06-07T18:19:45+00:00","twitter_card":"summary_large_image","twitter_misc":{"Tiempo de lectura":"1 minuto"},"schema":{"@context":"https:\/\/schema.org","@graph":[{"@type":"WebPage","@id":"https:\/\/www.aserpasl.com\/gestoria\/","url":"https:\/\/www.aserpasl.com\/gestoria\/","name":"Home - Aserpa S.L.U.","isPartOf":{"@id":"https:\/\/www.aserpasl.com\/gestoria\/#website"},"datePublished":"2013-07-26T21:27:43+00:00","dateModified":"2020-06-07T18:19:45+00:00","breadcrumb":{"@id":"https:\/\/www.aserpasl.com\/gestoria\/#breadcrumb"},"inLanguage":"es","potentialAction":[{"@type":"ReadAction","target":["https:\/\/www.aserpasl.com\/gestoria\/"]}]},{"@type":"BreadcrumbList","@id":"https:\/\/www.aserpasl.com\/gestoria\/#breadcrumb","itemListElement":[{"@type":"ListItem","position":1,"name":"Portada","item":"https:\/\/www.aserpasl.com\/gestoria\/"},{"@type":"ListItem","position":2,"name":"Home"}]},{"@type":"WebSite","@id":"https:\/\/www.aserpasl.com\/gestoria\/#website","url":"https:\/\/www.aserpasl.com\/gestoria\/","name":"Aserpa S.L.U.","description":"Gestiones Inmobiliarias Integrales en Bajo Ti\u00e9tar (Avila) y La Vera (C\u00e1ceres). Principales poblaciones: Candeleda, Arenas de San Pedro, Madrigal de La Vera, Villanueva de La Vera ...","publisher":{"@id":"https:\/\/www.aserpasl.com\/gestoria\/#organization"},"potentialAction":[{"@type":"SearchAction","target":{"@type":"EntryPoint","urlTemplate":"https:\/\/www.aserpasl.com\/gestoria\/?s={search_term_string}"},"query-input":{"@type":"PropertyValueSpecification","valueRequired":true,"valueName":"search_term_string"}}],"inLanguage":"es"},{"@type":"Organization","@id":"https:\/\/www.aserpasl.com\/gestoria\/#organization","name":"Asesoramiento, Servicios y Papeleos S.L.U.","url":"https:\/\/www.aserpasl.com\/gestoria\/","logo":{"@type":"ImageObject","inLanguage":"es","@id":"https:\/\/www.aserpasl.com\/gestoria\/#\/schema\/logo\/image\/","url":"https:\/\/www.aserpasl.com\/gestoria\/wp-content\/uploads\/2020\/06\/logo_aserpa_800X300.png","contentUrl":"https:\/\/www.aserpasl.com\/gestoria\/wp-content\/uploads\/2020\/06\/logo_aserpa_800X300.png","width":800,"height":300,"caption":"Asesoramiento, Servicios y Papeleos S.L.U."},"image":{"@id":"https:\/\/www.aserpasl.com\/gestoria\/#\/schema\/logo\/image\/"}}]}},"jetpack_sharing_enabled":true,"_links":{"self":[{"href":"https:\/\/www.aserpasl.com\/gestoria\/wp-json\/wp\/v2\/pages\/22","targetHints":{"allow":["GET"]}}],"collection":[{"href":"https:\/\/www.aserpasl.com\/gestoria\/wp-json\/wp\/v2\/pages"}],"about":[{"href":"https:\/\/www.aserpasl.com\/gestoria\/wp-json\/wp\/v2\/types\/page"}],"author":[{"embeddable":true,"href":"https:\/\/www.aserpasl.com\/gestoria\/wp-json\/wp\/v2\/users\/2"}],"replies":[{"embeddable":true,"href":"https:\/\/www.aserpasl.com\/gestoria\/wp-json\/wp\/v2\/comments?post=22"}],"version-history":[{"count":1,"href":"https:\/\/www.aserpasl.com\/gestoria\/wp-json\/wp\/v2\/pages\/22\/revisions"}],"predecessor-version":[{"id":897,"href":"https:\/\/www.aserpasl.com\/gestoria\/wp-json\/wp\/v2\/pages\/22\/revisions\/897"}],"wp:attachment":[{"href":"https:\/\/www.aserpasl.com\/gestoria\/wp-json\/wp\/v2\/media?parent=22"}],"curies":[{"name":"wp","href":"https:\/\/api.w.org\/{rel}","templated":true}]}}